{"id":1320,"date":"2026-01-09T17:08:28","date_gmt":"2026-01-09T16:08:28","guid":{"rendered":"https:\/\/www.chshaustechnik.de\/?page_id=1320"},"modified":"2026-01-26T13:37:04","modified_gmt":"2026-01-26T12:37:04","slug":"klima-und-lueftungstechnik","status":"publish","type":"page","link":"https:\/\/www.chshaustechnik.de\/en\/klima-und-lueftungstechnik\/","title":{"rendered":"Air conditioning and ventilation technology"},"content":{"rendered":"<div data-elementor-type=\"wp-page\" data-elementor-id=\"1320\" class=\"elementor elementor-1320\">\n\t\t\t\t<div data-ka-cursor-size=\"1\" class=\"elementor-element elementor-element-d724414 e-flex e-con-boxed e-con e-parent\" data-id=\"d724414\" data-element_type=\"container\" data-settings=\"{&quot;kng_cursor_interaction&quot;:&quot;default&quot;,&quot;kng_cursor_magnetic&quot;:&quot;none&quot;,&quot;kng_cursor_size_multiplier&quot;:{&quot;unit&quot;:&quot;px&quot;,&quot;size&quot;:1,&quot;sizes&quot;:[]}}\">\n\t\t\t\t\t<div class=\"e-con-inner\">\n\t\t\t\t<div data-ka-cursor-size=\"1\" class=\"elementor-element elementor-element-1ec7065 chs-btn elementor-align-center elementor-widget__width-initial elementor-widget elementor-widget-button\" data-id=\"1ec7065\" data-element_type=\"widget\" data-settings=\"{&quot;kng_cursor_interaction&quot;:&quot;default&quot;,&quot;kng_cursor_magnetic&quot;:&quot;none&quot;,&quot;kng_cursor_size_multiplier&quot;:{&quot;unit&quot;:&quot;px&quot;,&quot;size&quot;:1,&quot;sizes&quot;:[]}}\" data-widget_type=\"button.default\">\n\t\t\t\t\t\t\t\t\t\t<a class=\"elementor-button elementor-button-link elementor-size-sm\" href=\"https:\/\/www.chshaustechnik.de\/en\/kontakt\/\">\n\t\t\t\t\t\t<span class=\"elementor-button-content-wrapper\">\n\t\t\t\t\t\t\t\t\t<span class=\"elementor-button-text\">Free quote<\/span>\n\t\t\t\t\t<\/span>\n\t\t\t\t\t<\/a>\n\t\t\t\t\t\t\t\t<\/div>\n\t\t\t\t\t<\/div>\n\t\t\t\t<\/div>\n\t\t<div data-ka-cursor-size=\"1\" class=\"elementor-element elementor-element-00f3dcd e-flex e-con-boxed e-con e-parent\" data-id=\"00f3dcd\" data-element_type=\"container\" data-settings=\"{&quot;kng_cursor_interaction&quot;:&quot;default&quot;,&quot;kng_cursor_magnetic&quot;:&quot;none&quot;,&quot;kng_cursor_size_multiplier&quot;:{&quot;unit&quot;:&quot;px&quot;,&quot;size&quot;:1,&quot;sizes&quot;:[]}}\">\n\t\t\t\t\t<div class=\"e-con-inner\">\n\t\t<div data-ka-cursor-size=\"1\" class=\"elementor-element elementor-element-606323a e-grid e-con-full e-con e-child\" data-id=\"606323a\" data-element_type=\"container\" data-settings=\"{&quot;kng_cursor_interaction&quot;:&quot;default&quot;,&quot;kng_cursor_magnetic&quot;:&quot;none&quot;,&quot;kng_cursor_size_multiplier&quot;:{&quot;unit&quot;:&quot;px&quot;,&quot;size&quot;:1,&quot;sizes&quot;:[]}}\">\n\t\t\t\t<div data-ka-cursor-size=\"1\" class=\"elementor-element elementor-element-fac04c5 elementor-widget elementor-widget-image\" data-id=\"fac04c5\" data-element_type=\"widget\" data-settings=\"{&quot;kng_cursor_interaction&quot;:&quot;default&quot;,&quot;kng_cursor_magnetic&quot;:&quot;none&quot;,&quot;kng_cursor_size_multiplier&quot;:{&quot;unit&quot;:&quot;px&quot;,&quot;size&quot;:1,&quot;sizes&quot;:[]}}\" data-widget_type=\"image.default\">\n\t\t\t\t\t\t\t\t\t\t\t\t\t\t\t<img fetchpriority=\"high\" decoding=\"async\" width=\"768\" height=\"1152\" src=\"https:\/\/www.chshaustechnik.de\/wp-content\/uploads\/2026\/01\/Lueftung-768x1152.png\" class=\"attachment-medium_large size-medium_large wp-image-1368\" alt=\"\" srcset=\"https:\/\/www.chshaustechnik.de\/wp-content\/uploads\/2026\/01\/Lueftung-768x1152.png 768w, https:\/\/www.chshaustechnik.de\/wp-content\/uploads\/2026\/01\/Lueftung-200x300.png 200w, https:\/\/www.chshaustechnik.de\/wp-content\/uploads\/2026\/01\/Lueftung-683x1024.png 683w, https:\/\/www.chshaustechnik.de\/wp-content\/uploads\/2026\/01\/Lueftung-8x12.png 8w, https:\/\/www.chshaustechnik.de\/wp-content\/uploads\/2026\/01\/Lueftung.png 1024w\" sizes=\"(max-width: 768px) 100vw, 768px\" \/>\t\t\t\t\t\t\t\t\t\t\t\t\t\t\t<\/div>\n\t\t<div data-ka-cursor-size=\"1\" class=\"elementor-element elementor-element-03046d3 e-con-full e-flex e-con e-child\" data-id=\"03046d3\" data-element_type=\"container\" data-settings=\"{&quot;kng_cursor_interaction&quot;:&quot;default&quot;,&quot;kng_cursor_magnetic&quot;:&quot;none&quot;,&quot;kng_cursor_size_multiplier&quot;:{&quot;unit&quot;:&quot;px&quot;,&quot;size&quot;:1,&quot;sizes&quot;:[]}}\">\n\t\t\t\t<div data-ka-cursor-size=\"1\" class=\"elementor-element elementor-element-e38a4c3 elementor-widget elementor-widget-text-editor\" data-id=\"e38a4c3\" data-element_type=\"widget\" data-settings=\"{&quot;kng_cursor_interaction&quot;:&quot;default&quot;,&quot;kng_cursor_magnetic&quot;:&quot;none&quot;,&quot;kng_cursor_size_multiplier&quot;:{&quot;unit&quot;:&quot;px&quot;,&quot;size&quot;:1,&quot;sizes&quot;:[]}}\" data-widget_type=\"text-editor.default\">\n\t\t\t\t\t\t\t\t\t<p><strong>Klima- &amp; L\u00fcftungstechnik<\/strong><\/p><p data-start=\"255\" data-end=\"619\">With climate and ventilation solutions from C\/H\/S Building Technology, we ensure a healthy, comfortable, and energy-efficient indoor climate \u2013 in residential buildings as well as commercial properties. Whether modern air conditioning systems, controlled residential ventilation, or customized ventilation systems: We plan and implement solutions that are precisely tailored to your requirements.<\/p><p data-start=\"621\" data-end=\"1034\">From the initial consultation and professional installation to final commissioning, we reliably guide you through every project. Our systems not only improve living comfort but also ensure optimal air quality, regulated temperatures, and efficient energy use. With C\/H\/S building technology, you enjoy fresh air, modern technology, and an indoor climate that's simply perfect.<\/p>\t\t\t\t\t\t\t\t<\/div>\n\t\t\t\t<\/div>\n\t\t\t\t<\/div>\n\t\t\t\t\t<\/div>\n\t\t\t\t<\/div>\n\t\t<div data-ka-cursor-size=\"1\" class=\"elementor-element elementor-element-e50369d e-flex e-con-boxed e-con e-parent\" data-id=\"e50369d\" data-element_type=\"container\" data-settings=\"{&quot;kng_cursor_interaction&quot;:&quot;default&quot;,&quot;kng_cursor_magnetic&quot;:&quot;none&quot;,&quot;kng_cursor_size_multiplier&quot;:{&quot;unit&quot;:&quot;px&quot;,&quot;size&quot;:1,&quot;sizes&quot;:[]}}\">\n\t\t\t\t\t<div class=\"e-con-inner\">\n\t\t\t\t\t<\/div>\n\t\t\t\t<\/div>\n\t\t<div data-ka-cursor-size=\"1\" class=\"elementor-element elementor-element-961059e e-flex e-con-boxed e-con e-parent\" data-id=\"961059e\" data-element_type=\"container\" data-settings=\"{&quot;kng_cursor_interaction&quot;:&quot;default&quot;,&quot;kng_cursor_magnetic&quot;:&quot;none&quot;,&quot;kng_cursor_size_multiplier&quot;:{&quot;unit&quot;:&quot;px&quot;,&quot;size&quot;:1,&quot;sizes&quot;:[]}}\">\n\t\t\t\t\t<div class=\"e-con-inner\">\n\t\t\t\t<div data-ka-cursor-size=\"1\" class=\"elementor-element elementor-element-bbdb5ef elementor-widget elementor-widget-heading\" data-id=\"bbdb5ef\" data-element_type=\"widget\" data-settings=\"{&quot;kng_cursor_interaction&quot;:&quot;default&quot;,&quot;kng_cursor_magnetic&quot;:&quot;none&quot;,&quot;kng_cursor_size_multiplier&quot;:{&quot;unit&quot;:&quot;px&quot;,&quot;size&quot;:1,&quot;sizes&quot;:[]}}\" data-widget_type=\"heading.default\">\n\t\t\t\t\t<h2 class=\"elementor-heading-title elementor-size-default\">Your path to a tailor-made climate control or ventilation technology solution<\/h2>\t\t\t\t<\/div>\n\t\t\t\t<div data-ka-cursor-size=\"1\" class=\"elementor-element elementor-element-54c12cf king-addons-list-style-none elementor-widget elementor-widget-king-addons-timeline\" data-id=\"54c12cf\" data-element_type=\"widget\" data-settings=\"{&quot;swiper_speed&quot;:500,&quot;kng_cursor_interaction&quot;:&quot;default&quot;,&quot;kng_cursor_magnetic&quot;:&quot;none&quot;,&quot;kng_cursor_size_multiplier&quot;:{&quot;unit&quot;:&quot;px&quot;,&quot;size&quot;:1,&quot;sizes&quot;:[]}}\" data-widget_type=\"king-addons-timeline.default\">\n\t\t\t\t<div class=\"elementor-widget-container\">\n\t\t\t\t\t<div class=\"king-addons-timeline-outer-container\">\n            <div class=\"king-addons-wrapper swiper king-addons-horizontal-bottom\"\n                 dir=\"\"\n                 data-slidestoshow=\"3\"\n                 data-autoplay=\"\"\n                 data-loop=\"\"\n                 data-swiper-speed=\"500\"\n                 data-swiper-delay=\"0\"\n                 data-swiper-poh=\"\"\n                 data-swiper-space-between=\"5\">\n                <div class=\"swiper-wrapper king-addons-horizontal-bottom-timeline\"><div class=\"swiper-slide swiper-slide-line-top no elementor-repeater-item-e99b225\"><div class=\"king-addons-extra-label\"><span class=\"king-addons-label\">Step 1<\/span><\/div><div class=\"king-addons-main-line-icon king-addons-icon\"><svg aria-hidden=\"true\" class=\"e-font-icon-svg e-far-comments\" viewbox=\"0 0 576 512\" xmlns=\"http:\/\/www.w3.org\/2000\/svg\"><path d=\"M532 386.2c27.5-27.1 44-61.1 44-98.2 0-80-76.5-146.1-176.2-157.9C368.3 72.5 294.3 32 208 32 93.1 32 0 103.6 0 192c0 37 16.5 71 44 98.2-15.3 30.7-37.3 54.5-37.7 54.9-6.3 6.7-8.1 16.5-4.4 25 3.6 8.5 12 14 21.2 14 53.5 0 96.7-20.2 125.2-38.8 9.2 2.1 18.7 3.7 28.4 4.9C208.1 407.6 281.8 448 368 448c20.8 0 40.8-2.4 59.8-6.8C456.3 459.7 499.4 480 553 480c9.2 0 17.5-5.5 21.2-14 3.6-8.5 1.9-18.3-4.4-25-.4-.3-22.5-24.1-37.8-54.8zm-392.8-92.3L122.1 305c-14.1 9.1-28.5 16.3-43.1 21.4 2.7-4.7 5.4-9.7 8-14.8l15.5-31.1L77.7 256C64.2 242.6 48 220.7 48 192c0-60.7 73.3-112 160-112s160 51.3 160 112-73.3 112-160 112c-16.5 0-33-1.9-49-5.6l-19.8-4.5zM498.3 352l-24.7 24.4 15.5 31.1c2.6 5.1 5.3 10.1 8 14.8-14.6-5.1-29-12.3-43.1-21.4l-17.1-11.1-19.9 4.6c-16 3.7-32.5 5.6-49 5.6-54 0-102.2-20.1-131.3-49.7C338 339.5 416 272.9 416 192c0-3.4-.4-6.7-.7-10C479.7 196.5 528 238.8 528 288c0 28.7-16.2 50.6-29.7 64z\"><\/path><\/svg><\/div>\n                  <div class=\"king-addons-story-info\"><div class=\"king-addons-animation-wrap king-addons-timeline-media\"><img decoding=\"async\" width=\"1536\" height=\"1024\" src=\"https:\/\/www.chshaustechnik.de\/wp-content\/uploads\/2026\/01\/Erstgespraech.png\" class=\"attachment-full size-full\" alt=\"\" srcset=\"https:\/\/www.chshaustechnik.de\/wp-content\/uploads\/2026\/01\/Erstgespraech.png 1536w, https:\/\/www.chshaustechnik.de\/wp-content\/uploads\/2026\/01\/Erstgespraech-300x200.png 300w, https:\/\/www.chshaustechnik.de\/wp-content\/uploads\/2026\/01\/Erstgespraech-1024x683.png 1024w, https:\/\/www.chshaustechnik.de\/wp-content\/uploads\/2026\/01\/Erstgespraech-768x512.png 768w, https:\/\/www.chshaustechnik.de\/wp-content\/uploads\/2026\/01\/Erstgespraech-18x12.png 18w\" sizes=\"(max-width: 1536px) 100vw, 1536px\" \/><\/div><div class=\"king-addons-timeline-content-wrapper\"><p class=\"king-addons-title-wrap\"><span class=\"king-addons-title\">Initial consultation<\/span><\/p><div class=\"king-addons-description\"><p>We will provide you with comprehensive and personalized advice, taking your wishes, requirements, and expectations into account. Based on this, we will create a customized concept that perfectly suits you and your project. In addition, you will receive a clearly structured timeline and a transparent cost estimate \u2013 ensuring maximum planning security from the outset.<\/p><\/div><\/div><\/div><\/div><div class=\"swiper-slide swiper-slide-line-top no elementor-repeater-item-c34607a\"><div class=\"king-addons-extra-label\"><span class=\"king-addons-label\">Step 2<\/span><\/div><div class=\"king-addons-main-line-icon king-addons-icon\"><svg aria-hidden=\"true\" class=\"e-font-icon-svg e-far-newspaper\" viewbox=\"0 0 576 512\" xmlns=\"http:\/\/www.w3.org\/2000\/svg\"><path d=\"M552 64H112c-20.858 0-38.643 13.377-45.248 32H24c-13.255 0-24 10.745-24 24v272c0 30.928 25.072 56 56 56h496c13.255 0 24-10.745 24-24V88c0-13.255-10.745-24-24-24zM48 392V144h16v248c0 4.411-3.589 8-8 8s-8-3.589-8-8zm480 8H111.422c.374-2.614.578-5.283.578-8V112h416v288zM172 280h136c6.627 0 12-5.373 12-12v-96c0-6.627-5.373-12-12-12H172c-6.627 0-12 5.373-12 12v96c0 6.627 5.373 12 12 12zm28-80h80v40h-80v-40zm-40 140v-24c0-6.627 5.373-12 12-12h136c6.627 0 12 5.373 12 12v24c0 6.627-5.373 12-12 12H172c-6.627 0-12-5.373-12-12zm192 0v-24c0-6.627 5.373-12 12-12h104c6.627 0 12 5.373 12 12v24c0 6.627-5.373 12-12 12H364c-6.627 0-12-5.373-12-12zm0-144v-24c0-6.627 5.373-12 12-12h104c6.627 0 12 5.373 12 12v24c0 6.627-5.373 12-12 12H364c-6.627 0-12-5.373-12-12zm0 72v-24c0-6.627 5.373-12 12-12h104c6.627 0 12 5.373 12 12v24c0 6.627-5.373 12-12 12H364c-6.627 0-12-5.373-12-12z\"><\/path><\/svg><\/div>\n                  <div class=\"king-addons-story-info\"><div class=\"king-addons-animation-wrap king-addons-timeline-media\"><img decoding=\"async\" width=\"1536\" height=\"1024\" src=\"https:\/\/www.chshaustechnik.de\/wp-content\/uploads\/2026\/01\/Angebot.png\" class=\"attachment-full size-full\" alt=\"\" srcset=\"https:\/\/www.chshaustechnik.de\/wp-content\/uploads\/2026\/01\/Angebot.png 1536w, https:\/\/www.chshaustechnik.de\/wp-content\/uploads\/2026\/01\/Angebot-300x200.png 300w, https:\/\/www.chshaustechnik.de\/wp-content\/uploads\/2026\/01\/Angebot-1024x683.png 1024w, https:\/\/www.chshaustechnik.de\/wp-content\/uploads\/2026\/01\/Angebot-768x512.png 768w, https:\/\/www.chshaustechnik.de\/wp-content\/uploads\/2026\/01\/Angebot-18x12.png 18w\" sizes=\"(max-width: 1536px) 100vw, 1536px\" \/><\/div><div class=\"king-addons-timeline-content-wrapper\"><p class=\"king-addons-title-wrap\"><span class=\"king-addons-title\">The Offer<\/span><\/p><div class=\"king-addons-description\"><p>In the next step, we will create a customized offer tailored precisely to your wishes and requirements. All services will be listed clearly and transparently, ensuring you maintain a complete overview at all times. Clear cost structures and easily identifiable items guarantee maximum transparency and a sound basis for your decision.<\/p><\/div><\/div><\/div><\/div><div class=\"swiper-slide swiper-slide-line-top no elementor-repeater-item-4738b0d\"><div class=\"king-addons-extra-label\"><span class=\"king-addons-label\">Step 3<\/span><\/div><div class=\"king-addons-main-line-icon king-addons-icon\"><i aria-hidden=\"true\" class=\"fas fa-rocket\"><\/i><\/div>\n                  <div class=\"king-addons-story-info\"><div class=\"king-addons-animation-wrap king-addons-timeline-media\"><img loading=\"lazy\" decoding=\"async\" width=\"1536\" height=\"1024\" src=\"https:\/\/www.chshaustechnik.de\/wp-content\/uploads\/2026\/01\/Umsetzung.png\" class=\"attachment-full size-full\" alt=\"\" srcset=\"https:\/\/www.chshaustechnik.de\/wp-content\/uploads\/2026\/01\/Umsetzung.png 1536w, https:\/\/www.chshaustechnik.de\/wp-content\/uploads\/2026\/01\/Umsetzung-300x200.png 300w, https:\/\/www.chshaustechnik.de\/wp-content\/uploads\/2026\/01\/Umsetzung-1024x683.png 1024w, https:\/\/www.chshaustechnik.de\/wp-content\/uploads\/2026\/01\/Umsetzung-768x512.png 768w, https:\/\/www.chshaustechnik.de\/wp-content\/uploads\/2026\/01\/Umsetzung-18x12.png 18w\" sizes=\"(max-width: 1536px) 100vw, 1536px\" \/><\/div><div class=\"king-addons-timeline-content-wrapper\"><p class=\"king-addons-title-wrap\"><span class=\"king-addons-title\">Implementation &amp; completion<\/span><\/p><div class=\"king-addons-description\"><p data-start=\"205\" data-end=\"551\">Once approved, we will implement your project efficiently, on schedule, and with the utmost care. After completion of the work, we will conduct comprehensive functional and safety tests. Following this, you will receive personalized training on all installed systems to ensure you can use your new technology safely and effectively.\u00a0<\/p><\/div><\/div><\/div><\/div><\/div>        \n        <div class=\"king-addons-swiper-pagination\"><\/div>\n        <div class=\"king-addons-button-prev king-addons-timeline-prev-arrow king-addons-timeline-prev-54c12cf\">\n            <i class=\"fas fa-angle-double-left\"><\/i>\n        <\/div>\n        <div class=\"king-addons-button-next king-addons-timeline-next-arrow king-addons-timeline-next-54c12cf\">\n            <i class=\"fas fa-angle-double-left\"><\/i>\n        <\/div>\n    <\/div><\/div>\t\t\t\t<\/div>\n\t\t\t\t<\/div>\n\t\t<div data-ka-cursor-size=\"1\" class=\"elementor-element elementor-element-76ced53 e-con-full e-flex e-con e-child\" data-id=\"76ced53\" data-element_type=\"container\" data-settings=\"{&quot;kng_cursor_interaction&quot;:&quot;default&quot;,&quot;kng_cursor_magnetic&quot;:&quot;none&quot;,&quot;kng_cursor_size_multiplier&quot;:{&quot;unit&quot;:&quot;px&quot;,&quot;size&quot;:1,&quot;sizes&quot;:[]}}\">\n\t\t\t\t<\/div>\n\t\t\t\t\t<\/div>\n\t\t\t\t<\/div>\n\t\t<div data-ka-cursor-size=\"1\" class=\"elementor-element elementor-element-ac30fb1 e-flex e-con-boxed e-con e-parent\" data-id=\"ac30fb1\" data-element_type=\"container\" data-settings=\"{&quot;kng_cursor_interaction&quot;:&quot;default&quot;,&quot;kng_cursor_magnetic&quot;:&quot;none&quot;,&quot;kng_cursor_size_multiplier&quot;:{&quot;unit&quot;:&quot;px&quot;,&quot;size&quot;:1,&quot;sizes&quot;:[]}}\">\n\t\t\t\t\t<div class=\"e-con-inner\">\n\t\t\t\t<div data-ka-cursor-size=\"1\" class=\"elementor-element elementor-element-e276e77 content-align-cta-center elementor-widget elementor-widget-eael-cta-box\" data-id=\"e276e77\" data-element_type=\"widget\" data-settings=\"{&quot;kng_cursor_interaction&quot;:&quot;default&quot;,&quot;kng_cursor_magnetic&quot;:&quot;none&quot;,&quot;kng_cursor_size_multiplier&quot;:{&quot;unit&quot;:&quot;px&quot;,&quot;size&quot;:1,&quot;sizes&quot;:[]}}\" data-widget_type=\"eael-cta-box.default\">\n\t\t\t\t\t\t\t<div class=\"eael-call-to-action cta-basic bg-lite cta-preset-1\">\n        <h4 class=\"sub-title\">Contact us for a free quote<\/h4><a href=\"https:\/\/www.chshaustechnik.de\/en\/kontakt\/\" class=\"cta-button cta-preset-1\">Get an offer<\/a>\t<\/div>\n\t\t\t\t\t\t\t\t<\/div>\n\t\t\t\t\t<\/div>\n\t\t\t\t<\/div>\n\t\t\t\t<\/div>","protected":false},"excerpt":{"rendered":"<p>Angebot anfordern Klima- &amp; L\u00fcftungstechnik Mit den Klima- und L\u00fcftungsl\u00f6sungen von C\/H\/S Haustechnik sorgen wir f\u00fcr ein gesundes, angenehmes und energieeffizientes Raumklima \u2013 in Wohngeb\u00e4uden ebenso wie in Gewerbeobjekten. Ob moderne Klimaanlagen, kontrollierte Wohnrauml\u00fcftung oder ma\u00dfgeschneiderte L\u00fcftungssysteme: Wir planen und realisieren L\u00f6sungen, die exakt auf Ihre Anforderungen abgestimmt sind. Von der ersten Beratung \u00fcber die [&hellip;]<\/p>","protected":false},"author":3,"featured_media":0,"parent":0,"menu_order":0,"comment_status":"closed","ping_status":"closed","template":"elementor_theme","meta":{"footnotes":""},"class_list":["post-1320","page","type-page","status-publish","hentry"],"blocksy_meta":{"has_hero_section":"disabled","styles_descriptor":{"styles":{"desktop":"","tablet":"","mobile":""},"google_fonts":[],"version":6}},"_links":{"self":[{"href":"https:\/\/www.chshaustechnik.de\/en\/wp-json\/wp\/v2\/pages\/1320","targetHints":{"allow":["GET"]}}],"collection":[{"href":"https:\/\/www.chshaustechnik.de\/en\/wp-json\/wp\/v2\/pages"}],"about":[{"href":"https:\/\/www.chshaustechnik.de\/en\/wp-json\/wp\/v2\/types\/page"}],"author":[{"embeddable":true,"href":"https:\/\/www.chshaustechnik.de\/en\/wp-json\/wp\/v2\/users\/3"}],"replies":[{"embeddable":true,"href":"https:\/\/www.chshaustechnik.de\/en\/wp-json\/wp\/v2\/comments?post=1320"}],"version-history":[{"count":31,"href":"https:\/\/www.chshaustechnik.de\/en\/wp-json\/wp\/v2\/pages\/1320\/revisions"}],"predecessor-version":[{"id":1840,"href":"https:\/\/www.chshaustechnik.de\/en\/wp-json\/wp\/v2\/pages\/1320\/revisions\/1840"}],"wp:attachment":[{"href":"https:\/\/www.chshaustechnik.de\/en\/wp-json\/wp\/v2\/media?parent=1320"}],"curies":[{"name":"wp","href":"https:\/\/api.w.org\/{rel}","templated":true}]}}