{"id":192,"date":"2025-12-12T09:08:03","date_gmt":"2025-12-12T08:08:03","guid":{"rendered":"https:\/\/www.chshaustechnik.de\/?page_id=192"},"modified":"2026-01-09T17:55:23","modified_gmt":"2026-01-09T16:55:23","slug":"impressum","status":"publish","type":"page","link":"https:\/\/www.chshaustechnik.de\/en\/impressum\/","title":{"rendered":"Impress"},"content":{"rendered":"<div data-elementor-type=\"wp-page\" data-elementor-id=\"192\" class=\"elementor elementor-192\">\n\t\t\t\t<div data-ka-cursor-size=\"1\" class=\"elementor-element elementor-element-976c348 e-flex e-con-boxed e-con e-parent\" data-id=\"976c348\" data-element_type=\"container\" data-settings=\"{&quot;kng_cursor_interaction&quot;:&quot;default&quot;,&quot;kng_cursor_magnetic&quot;:&quot;none&quot;,&quot;kng_cursor_size_multiplier&quot;:{&quot;unit&quot;:&quot;px&quot;,&quot;size&quot;:1,&quot;sizes&quot;:[]}}\">\n\t\t\t\t\t<div class=\"e-con-inner\">\n\t\t\t\t<div data-ka-cursor-size=\"1\" class=\"elementor-element elementor-element-20fa04c elementor-widget elementor-widget-text-editor\" data-id=\"20fa04c\" data-element_type=\"widget\" data-settings=\"{&quot;kng_cursor_interaction&quot;:&quot;default&quot;,&quot;kng_cursor_magnetic&quot;:&quot;none&quot;,&quot;kng_cursor_size_multiplier&quot;:{&quot;unit&quot;:&quot;px&quot;,&quot;size&quot;:1,&quot;sizes&quot;:[]}}\" data-widget_type=\"text-editor.default\">\n\t\t\t\t\t\t\t\t\t<h1><strong>Impress<\/strong><\/h1><div data-id=\"57826f6\" data-element_type=\"widget\" data-widget_type=\"text-editor.default\"><p data-start=\"233\" data-end=\"317\">C\/H\/S Haustechnik GmbH<br \/>Cuciurean Petru<br \/>Flurstra\u00dfe 2<br \/>86477 Adelsried<\/p><p data-start=\"319\" data-end=\"590\"><strong data-start=\"319\" data-end=\"331\">Contact:<\/strong><br data-start=\"331\" data-end=\"334\" \/>Telefon: 017624367215<br \/>E-Mail: info@chshaustechnik.com<br \/>Website: www.chshaustechnik.com<\/p><p data-start=\"592\" data-end=\"712\"><strong data-start=\"592\" data-end=\"612\">Umsatzsteuer-ID:<\/strong><br data-start=\"612\" data-end=\"615\" \/>DE456840844<\/p><p data-start=\"714\" data-end=\"842\"><strong data-start=\"714\" data-end=\"789\">Responsible for the content according to \u00a7 55 para. 2 RStV \/ \u00a7 18 para. 2 MStV:<\/strong><\/p><p data-start=\"714\" data-end=\"842\"><strong data-start=\"714\" data-end=\"789\"><br \/><\/strong>C\/H\/S Haustechnik GmbH<br \/>Cuciurean Petru<br \/>Flurstra\u00dfe 2<br \/>86477 Adelsried<\/p><p data-start=\"714\" data-end=\"842\"><b><strong data-start=\"714\" data-end=\"789\">Technical implementation and design:<br \/><\/strong><\/b>Matthias Alt<br data-start=\"804\" data-end=\"807\" \/>Breitfurter Weg 11<br data-start=\"825\" data-end=\"828\" \/>99610 S\u00f6mmerda<br \/>Tel: 0152-29952564<\/p><p data-start=\"2154\" data-end=\"2531\">\u00a0<\/p><\/div><div data-id=\"7e67010\" data-element_type=\"container\"><div data-id=\"43a0b42\" data-element_type=\"widget\" data-widget_type=\"heading.default\"><h2>Disclaimer<\/h2><\/div><\/div><div data-id=\"503a203\" data-element_type=\"container\"><div data-id=\"9734f07\" data-element_type=\"widget\" data-widget_type=\"text-editor.default\"><h4 data-start=\"316\" data-end=\"347\">1. <strong data-start=\"324\" data-end=\"347\">Liability for content<\/strong><\/h4><p data-start=\"349\" data-end=\"703\">As a service provider, I am responsible for my own content on these pages in accordance with Section 7 Paragraph 1 of the German Telemedia Act (TMG). However, according to Sections 8 to 10 of the TMG, I am not obligated as a service provider to monitor transmitted or stored third-party information or to investigate circumstances that indicate illegal activity.<\/p><p data-start=\"705\" data-end=\"1048\">Verpflichtungen zur Entfernung oder Sperrung der Nutzung von Informationen nach den allgemeinen Gesetzen bleiben hiervon unber\u00fchrt. Eine diesbez\u00fcgliche Haftung ist jedoch erst ab dem Zeitpunkt der Kenntnis einer konkreten Rechtsverletzung m\u00f6glich. Bei Bekanntwerden entsprechender Rechtsverletzungen werde ich diese Inhalte umgehend entfernen.<\/p><h4 data-start=\"1050\" data-end=\"1079\">2. <strong data-start=\"1058\" data-end=\"1079\">Liability for links<\/strong><\/h4><p data-start=\"1081\" data-end=\"1367\">My website contains links to external websites of third parties, over whose content I have no influence. Therefore, I cannot assume any liability for this external content. The respective provider or operator of the linked pages is always responsible for their content.<\/p><p data-start=\"1369\" data-end=\"1764\">Die verlinkten Seiten wurden zum Zeitpunkt der Verlinkung auf m\u00f6gliche Rechtsverst\u00f6\u00dfe \u00fcberpr\u00fcft. Rechtswidrige Inhalte waren zum Zeitpunkt der Verlinkung nicht erkennbar. Eine permanente inhaltliche Kontrolle der verlinkten Seiten ist jedoch ohne konkrete Anhaltspunkte einer Rechtsverletzung nicht zumutbar. Bei Bekanntwerden von Rechtsverletzungen werde ich derartige Links umgehend entfernen.<\/p><h4 data-start=\"1766\" data-end=\"1790\">3. <strong data-start=\"1774\" data-end=\"1790\">copyright<\/strong><\/h4><p data-start=\"1792\" data-end=\"2152\">The content and works I have created on this website are subject to German copyright law. Reproduction, modification, distribution, and any form of exploitation beyond the limits of copyright law require my written consent. Downloads and copies of this page are permitted only for private, non-commercial use.<\/p><p data-start=\"2154\" data-end=\"2531\">Soweit die Inhalte auf dieser Seite nicht von mir erstellt wurden, werden die Urheberrechte Dritter beachtet. Insbesondere werden Inhalte Dritter als solche gekennzeichnet. Sollten Sie trotzdem auf eine Urheberrechtsverletzung aufmerksam werden, bitte ich um einen entsprechenden Hinweis. Bei Bekanntwerden von Rechtsverletzungen werde ich derartige Inhalte umgehend entfernen.<\/p><\/div><\/div>\t\t\t\t\t\t\t\t<\/div>\n\t\t\t\t\t<\/div>\n\t\t\t\t<\/div>\n\t\t<div data-ka-cursor-size=\"1\" class=\"elementor-element elementor-element-13dad58 e-flex e-con-boxed e-con e-parent\" data-id=\"13dad58\" data-element_type=\"container\" data-settings=\"{&quot;kng_cursor_interaction&quot;:&quot;default&quot;,&quot;kng_cursor_magnetic&quot;:&quot;none&quot;,&quot;kng_cursor_size_multiplier&quot;:{&quot;unit&quot;:&quot;px&quot;,&quot;size&quot;:1,&quot;sizes&quot;:[]}}\">\n\t\t\t\t\t<div class=\"e-con-inner\">\n\t\t\t\t\t<\/div>\n\t\t\t\t<\/div>\n\t\t\t\t<\/div>","protected":false},"excerpt":{"rendered":"<p>Impressum C\/H\/S Haustechnik GmbHCuciurean PetruFlurstra\u00dfe 286477 Adelsried Kontakt:Telefon: 017624367215E-Mail: info@chshaustechnik.comWebsite: www.chshaustechnik.com Umsatzsteuer-ID:DE456840844 Verantwortlich f\u00fcr den Inhalt nach \u00a7 55 Abs. 2 RStV \/ \u00a7 18 Abs. 2 MStV: C\/H\/S Haustechnik GmbHCuciurean PetruFlurstra\u00dfe 286477 Adelsried Technische Umsetzung und Design:Matthias AltBreitfurter Weg 1199610 S\u00f6mmerdaTel: 0152-29952564 \u00a0 Haftungsausschluss\/ Disclaimer 1. Haftung f\u00fcr Inhalte Als Diensteanbieter bin ich gem\u00e4\u00df [&hellip;]<\/p>","protected":false},"author":3,"featured_media":0,"parent":0,"menu_order":0,"comment_status":"closed","ping_status":"closed","template":"elementor_header_footer","meta":{"footnotes":""},"class_list":["post-192","page","type-page","status-publish","hentry"],"blocksy_meta":[],"_links":{"self":[{"href":"https:\/\/www.chshaustechnik.de\/en\/wp-json\/wp\/v2\/pages\/192","targetHints":{"allow":["GET"]}}],"collection":[{"href":"https:\/\/www.chshaustechnik.de\/en\/wp-json\/wp\/v2\/pages"}],"about":[{"href":"https:\/\/www.chshaustechnik.de\/en\/wp-json\/wp\/v2\/types\/page"}],"author":[{"embeddable":true,"href":"https:\/\/www.chshaustechnik.de\/en\/wp-json\/wp\/v2\/users\/3"}],"replies":[{"embeddable":true,"href":"https:\/\/www.chshaustechnik.de\/en\/wp-json\/wp\/v2\/comments?post=192"}],"version-history":[{"count":37,"href":"https:\/\/www.chshaustechnik.de\/en\/wp-json\/wp\/v2\/pages\/192\/revisions"}],"predecessor-version":[{"id":1477,"href":"https:\/\/www.chshaustechnik.de\/en\/wp-json\/wp\/v2\/pages\/192\/revisions\/1477"}],"wp:attachment":[{"href":"https:\/\/www.chshaustechnik.de\/en\/wp-json\/wp\/v2\/media?parent=192"}],"curies":[{"name":"wp","href":"https:\/\/api.w.org\/{rel}","templated":true}]}}